{"id":2,"date":"2011-09-01T16:46:32","date_gmt":"2011-09-01T16:46:32","guid":{"rendered":"http:\/\/www.railsim-fr.com\/wordpress\/?page_id=2"},"modified":"2011-09-02T09:53:05","modified_gmt":"2011-09-02T09:53:05","slug":"sample-page","status":"publish","type":"page","link":"http:\/\/www.railsim-fr.com\/?page_id=2","title":{"rendered":"Le forum"},"content":{"rendered":"<div style=\"text-align: center;margin: px;\"><script type=\"text\/javascript\"><!--\r\ngoogle_ad_client = \"pub-7444191830\";\r\ngoogle_alternate_color = \"FFFFFF\";\r\ngoogle_ad_width = 120;\r\ngoogle_ad_height = 240;\r\ngoogle_ad_format = \"120x240_as\";\r\ngoogle_ad_type = \"text_image\";\r\ngoogle_ad_channel =\"railsim\";\r\ngoogle_color_border = \"FFFFFF\";\r\ngoogle_color_link = \"0000FF\";\r\ngoogle_color_bg = \"FFFFFF\";\r\ngoogle_color_text = \"000000\";\r\ngoogle_color_url = \"008000\";\r\ngoogle_ui_features = \"rc:6\";\r\n\/\/--><\/script>\r\n<script type=\"text\/javascript\"\r\nsrc=\"http:\/\/pagead2.googlesyndication.com\/pagead\/show_ads.js\">\r\n<\/script><\/div><p>Pour acc\u00e9der au forum, suivez le lien ci dessous.<\/p>\n<p>[important]Un petit rappel toutefois, tout d\u00e9bordement ou prise de bec intempestive se terminera par un bannissement rapide. Les \u00e9changes doivent rester courtois et constructifs, comme c&rsquo;est le cas depuis la cr\u00e9ation de ce site. A tout de suite ![\/important]<\/p>\n<h1 style=\"text-align: center;\"><strong><a title=\"Acc\u00e9der au forum\" href=\"http:\/\/www.railsim-fr.com\/forum\">Acc\u00e9der au forum<\/a><\/strong><\/h1>\n","protected":false},"excerpt":{"rendered":"<p>Pour acc\u00e9der au forum, suivez le lien ci dessous. [important]Un petit rappel toutefois, tout d\u00e9bordement ou prise de bec intempestive se terminera par un bannissement rapide. Les \u00e9changes doivent rester courtois et constructifs, comme c&rsquo;est le cas depuis la cr\u00e9ation de ce site. A tout de suite ![\/important] Acc\u00e9der au forum<\/p>\n","protected":false},"author":1,"featured_media":0,"parent":0,"menu_order":0,"comment_status":"open","ping_status":"open","template":"","meta":{"footnotes":""},"class_list":["post-2","page","type-page","status-publish","hentry","nodate","item-wrap"],"_links":{"self":[{"href":"http:\/\/www.railsim-fr.com\/index.php?rest_route=\/wp\/v2\/pages\/2"}],"collection":[{"href":"http:\/\/www.railsim-fr.com\/index.php?rest_route=\/wp\/v2\/pages"}],"about":[{"href":"http:\/\/www.railsim-fr.com\/index.php?rest_route=\/wp\/v2\/types\/page"}],"author":[{"embeddable":true,"href":"http:\/\/www.railsim-fr.com\/index.php?rest_route=\/wp\/v2\/users\/1"}],"replies":[{"embeddable":true,"href":"http:\/\/www.railsim-fr.com\/index.php?rest_route=%2Fwp%2Fv2%2Fcomments&post=2"}],"version-history":[{"count":4,"href":"http:\/\/www.railsim-fr.com\/index.php?rest_route=\/wp\/v2\/pages\/2\/revisions"}],"predecessor-version":[{"id":20,"href":"http:\/\/www.railsim-fr.com\/index.php?rest_route=\/wp\/v2\/pages\/2\/revisions\/20"}],"wp:attachment":[{"href":"http:\/\/www.railsim-fr.com\/index.php?rest_route=%2Fwp%2Fv2%2Fmedia&parent=2"}],"curies":[{"name":"wp","href":"https:\/\/api.w.org\/{rel}","templated":true}]}}