{"id":476,"date":"2012-01-03T01:21:17","date_gmt":"2012-01-02T23:21:17","guid":{"rendered":"http:\/\/www.railsim-fr.com\/?page_id=476"},"modified":"2012-01-03T01:27:15","modified_gmt":"2012-01-02T23:27:15","slug":"faire-un-don","status":"publish","type":"page","link":"https:\/\/www.railsim-fr.com\/?page_id=476","title":{"rendered":"Faire un Don"},"content":{"rendered":"<form action=\"https:\/\/www.paypal.com\/cgi-bin\/webscr\" method=\"post\"><input type=\"hidden\" name=\"cmd\" value=\"_s-xclick\" \/> <input type=\"hidden\" name=\"encrypted\" value=\"-----BEGIN PKCS7-----MIIHNwYJKoZIhvcNAQcEoIIHKDCCByQCAQExggEwMIIBLAIBADCBlDCBjjELMAkGA1UEBhMCVVMxCzAJBgNVBAgTAkNBMRYwFAYDVQQHEw1Nb3VudGFpbiBWaWV3MRQwEgYDVQQKEwtQYXlQYWwgSW5jLjETMBEGA1UECxQKbGl2ZV9jZXJ0czERMA8GA1UEAxQIbGl2ZV9hcGkxHDAaBgkqhkiG9w0BCQEWDXJlQHBheXBhbC5jb20CAQAwDQYJKoZIhvcNAQEBBQAEgYCRKVeCOEd8UAjSk8qJrpLOlxLOvAUxM\/4S1rmuoF9e23Uf10eqrX63c4Jm5c0P0SbR3vnbcFKumDQFjCVw+sxdl\/0i5lSTc29q4MMETdlrhY7Quk5efkjzCv0mVM8c+o\/u4+\/WnjEOX5PhoJIK6MwMFvFFTuLdi\/YvHLwCUQtTJTELMAkGBSsOAwIaBQAwgbQGCSqGSIb3DQEHATAUBggqhkiG9w0DBwQIWpQuP\/5Sz0aAgZCWoDsrLslaB\/hACJakm1Drpz4wYp5INl10TGUObJk0qvvFKexGrxNXNj\/ohm6hUc7sxdXttI12CChy49ST5aqBd7VT8Wku9ln\/siWS0\/dqUmLvb0rjzSTZ9fk4IUGtyqbyj\/hJD0z21cKE8P4Rffo1M7kHt34ea5+jvWSWuIjt7pSxdqb8gPSKjAwXXSjkfBegggOHMIIDgzCCAuygAwIBAgIBADANBgkqhkiG9w0BAQUFADCBjjELMAkGA1UEBhMCVVMxCzAJBgNVBAgTAkNBMRYwFAYDVQQHEw1Nb3VudGFpbiBWaWV3MRQwEgYDVQQKEwtQYXlQYWwgSW5jLjETMBEGA1UECxQKbGl2ZV9jZXJ0czERMA8GA1UEAxQIbGl2ZV9hcGkxHDAaBgkqhkiG9w0BCQEWDXJlQHBheXBhbC5jb20wHhcNMDQwMjEzMTAxMzE1WhcNMzUwMjEzMTAxMzE1WjCBjjELMAkGA1UEBhMCVVMxCzAJBgNVBAgTAkNBMRYwFAYDVQQHEw1Nb3VudGFpbiBWaWV3MRQwEgYDVQQKEwtQYXlQYWwgSW5jLjETMBEGA1UECxQKbGl2ZV9jZXJ0czERMA8GA1UEAxQIbGl2ZV9hcGkxHDAaBgkqhkiG9w0BCQEWDXJlQHBheXBhbC5jb20wgZ8wDQYJKoZIhvcNAQEBBQADgY0AMIGJAoGBAMFHTt38RMxLXJyO2SmS+Ndl72T7oKJ4u4uw+6awntALWh03PewmIJuzbALScsTS4sZoS1fKciBGoh11gIfHzylvkdNe\/hJl66\/RGqrj5rFb08sAABNTzDTiqqNpJeBsYs\/c2aiGozptX2RlnBktH+SUNpAajW724Nv2Wvhif6sFAgMBAAGjge4wgeswHQYDVR0OBBYEFJaffLvGbxe9WT9S1wob7BDWZJRrMIG7BgNVHSMEgbMwgbCAFJaffLvGbxe9WT9S1wob7BDWZJRroYGUpIGRMIGOMQswCQYDVQQGEwJVUzELMAkGA1UECBMCQ0ExFjAUBgNVBAcTDU1vdW50YWluIFZpZXcxFDASBgNVBAoTC1BheVBhbCBJbmMuMRMwEQYDVQQLFApsaXZlX2NlcnRzMREwDwYDVQQDFAhsaXZlX2FwaTEcMBoGCSqGSIb3DQEJARYNcmVAcGF5cGFsLmNvbYIBADAMBgNVHRMEBTADAQH\/MA0GCSqGSIb3DQEBBQUAA4GBAIFfOlaagFrl71+jq6OKidbWFSE+Q4FqROvdgIONth+8kSK\/\/Y\/4ihuE4Ymvzn5ceE3S\/iBSQQMjyvb+s2TWbQYDwcp129OPIbD9epdr4tJOUNiSojw7BHwYRiPh58S1xGlFgHFXwrEBb3dgNbMUa+u4qectsMAXpVHnD9wIyfmHMYIBmjCCAZYCAQEwgZQwgY4xCzAJBgNVBAYTAlVTMQswCQYDVQQIEwJDQTEWMBQGA1UEBxMNTW91bnRhaW4gVmlldzEUMBIGA1UEChMLUGF5UGFsIEluYy4xEzARBgNVBAsUCmxpdmVfY2VydHMxETAPBgNVBAMUCGxpdmVfYXBpMRwwGgYJKoZIhvcNAQkBFg1yZUBwYXlwYWwuY29tAgEAMAkGBSsOAwIaBQCgXTAYBgkqhkiG9w0BCQMxCwYJKoZIhvcNAQcBMBwGCSqGSIb3DQEJBTEPFw0xMjAxMDIyMzEwMzRaMCMGCSqGSIb3DQEJBDEWBBSmvF7JQNRqUz47NNY+YS3ppYkXLjANBgkqhkiG9w0BAQEFAASBgF8b0Eo8KykajUPGqx\/HdBVFX8BsUX2GpeXMBSpTQHTQNg\/VKYfTp9exsB5NGqs0JnLfjDjojk3HK3FDIcTZ1+78+TXkf6cztIAM3PlwGsiNUC3oL7v+UJu0+OYfGMlzwmYybIb+wOs4FmqJ65E+xXKocREkbThN6qu5CcR6tIYo-----END PKCS7----- \" \/> <input type=\"image\" name=\"submit\" src=\"https:\/\/www.paypalobjects.com\/fr_FR\/FR\/i\/btn\/btn_donateCC_LG.gif\" alt=\"PayPal - la solution de paiement en ligne la plus simple et la plus s\u00e9curis\u00e9e !\" \/> <img loading=\"lazy\" decoding=\"async\" src=\"https:\/\/www.paypalobjects.com\/fr_FR\/i\/scr\/pixel.gif\" alt=\"\" width=\"1\" height=\"1\" border=\"0\" \/><\/form>\n<form action=\"https:\/\/www.paypal.com\/cgi-bin\/webscr\" method=\"post\"><\/form>\n<form action=\"https:\/\/www.paypal.com\/cgi-bin\/webscr\" method=\"post\"><\/form>\n<form action=\"https:\/\/www.paypal.com\/cgi-bin\/webscr\" method=\"post\"><\/form>\n<form action=\"https:\/\/www.paypal.com\/cgi-bin\/webscr\" method=\"post\"><\/form>\n<form action=\"https:\/\/www.paypal.com\/cgi-bin\/webscr\" method=\"post\"><\/form>\n<div style=\"text-align: center;margin: px;\"><script type=\"text\/javascript\"><!--\r\ngoogle_ad_client = \"pub-7444191830\";\r\ngoogle_alternate_color = \"FFFFFF\";\r\ngoogle_ad_width = 120;\r\ngoogle_ad_height = 240;\r\ngoogle_ad_format = \"120x240_as\";\r\ngoogle_ad_type = \"text_image\";\r\ngoogle_ad_channel =\"railsim\";\r\ngoogle_color_border = \"FFFFFF\";\r\ngoogle_color_link = \"0000FF\";\r\ngoogle_color_bg = \"FFFFFF\";\r\ngoogle_color_text = \"000000\";\r\ngoogle_color_url = \"008000\";\r\ngoogle_ui_features = \"rc:6\";\r\n\/\/--><\/script>\r\n<script type=\"text\/javascript\"\r\nsrc=\"http:\/\/pagead2.googlesyndication.com\/pagead\/show_ads.js\">\r\n<\/script><\/div><p style=\"text-align: justify;\">.<\/p>\n<p style=\"text-align: justify;\">Vous aimez ce site ? Vous avez l&rsquo;impression qu&rsquo;il vous rend un fier service. Vous \u00eates pris d&rsquo;une envie folle et irr\u00e9pressible\u00a0d&rsquo;ouvrir votre portefeuille &#8211; virtuel &#8211; et de nous aider \u00e0 payer les frais d&rsquo;h\u00e9bergements et nous encourager \u00e0 consacrer un peu plus de temps \u00e0 nos activit\u00e9s de cr\u00e9ateurs \u00a0?<\/p>\n<p style=\"text-align: justify;\">Une seule solution. Aidez nous :-).<\/p>\n<p style=\"text-align: justify;\">Ceci n&rsquo;est en rien une obligation, moi m\u00eame et le reste de la team avons toujours donn\u00e9 de notre temps, de notre argent, et de notre \u00e9nergie sans attendre quoi que ce soit en retour. Mais si l&rsquo;envie vous prend de nous verser quelques euros pour aider \u00e0 couvrir les frais engag\u00e9s, vous pouvez \u00eatre s\u00fbr que cela sera appr\u00e9ci\u00e9 \u00e0 sa juste valeur.<\/p>\n<p style=\"text-align: justify;\">Un compte paypal sera n\u00e9cessaire pour nous aider. Aux futurs m\u00e9c\u00e8nes qui seront sans doute aussi rares que les cheveux sur le cr\u00e2ne de mon p\u00e8re, soyez assur\u00e9 que la team Railsim-fr vous remercie chaudement par avance.<\/p>\n","protected":false},"excerpt":{"rendered":"<p>. Vous aimez ce site ? Vous avez l&rsquo;impression qu&rsquo;il vous rend un fier service. Vous \u00eates pris d&rsquo;une envie folle et irr\u00e9pressible\u00a0d&rsquo;ouvrir votre portefeuille &#8211; virtuel &#8211; et de nous aider \u00e0 payer les frais d&rsquo;h\u00e9bergements et nous encourager \u00e0 consacrer un peu plus de temps \u00e0 nos activit\u00e9s de cr\u00e9ateurs \u00a0? Une seule &hellip; <\/p>\n<p><a class=\"more-link btn\" href=\"https:\/\/www.railsim-fr.com\/?page_id=476\">Lire la suite<\/a><\/p>\n","protected":false},"author":1,"featured_media":0,"parent":0,"menu_order":0,"comment_status":"open","ping_status":"open","template":"","meta":{"footnotes":""},"class_list":["post-476","page","type-page","status-publish","hentry","nodate","item-wrap"],"_links":{"self":[{"href":"https:\/\/www.railsim-fr.com\/index.php?rest_route=\/wp\/v2\/pages\/476"}],"collection":[{"href":"https:\/\/www.railsim-fr.com\/index.php?rest_route=\/wp\/v2\/pages"}],"about":[{"href":"https:\/\/www.railsim-fr.com\/index.php?rest_route=\/wp\/v2\/types\/page"}],"author":[{"embeddable":true,"href":"https:\/\/www.railsim-fr.com\/index.php?rest_route=\/wp\/v2\/users\/1"}],"replies":[{"embeddable":true,"href":"https:\/\/www.railsim-fr.com\/index.php?rest_route=%2Fwp%2Fv2%2Fcomments&post=476"}],"version-history":[{"count":11,"href":"https:\/\/www.railsim-fr.com\/index.php?rest_route=\/wp\/v2\/pages\/476\/revisions"}],"predecessor-version":[{"id":484,"href":"https:\/\/www.railsim-fr.com\/index.php?rest_route=\/wp\/v2\/pages\/476\/revisions\/484"}],"wp:attachment":[{"href":"https:\/\/www.railsim-fr.com\/index.php?rest_route=%2Fwp%2Fv2%2Fmedia&parent=476"}],"curies":[{"name":"wp","href":"https:\/\/api.w.org\/{rel}","templated":true}]}}